{"id":1556,"date":"2025-02-28T19:56:01","date_gmt":"2025-02-28T19:56:01","guid":{"rendered":"https:\/\/vivirconparkinson.lat\/ar\/?page_id=1556"},"modified":"2025-10-15T17:39:32","modified_gmt":"2025-10-15T17:39:32","slug":"condiciones-de-uso","status":"publish","type":"page","link":"https:\/\/vivirconparkinson.lat\/ar\/condiciones-de-uso\/","title":{"rendered":"Condiciones de Uso"},"content":{"rendered":"\t\t<div data-elementor-type=\"wp-page\" data-elementor-id=\"1556\" class=\"elementor elementor-1556\" data-elementor-post-type=\"page\">\n\t\t\t\t<div class=\"elementor-element elementor-element-d5ece63 e-flex e-con-boxed e-con e-parent\" data-id=\"d5ece63\" data-element_type=\"container\" data-e-type=\"container\">\n\t\t\t\t\t<div class=\"e-con-inner\">\n\t\t\t\t<div class=\"elementor-element elementor-element-3421102 elementor-widget-divider--view-line elementor-widget elementor-widget-divider\" data-id=\"3421102\" data-element_type=\"widget\" data-e-type=\"widget\" data-widget_type=\"divider.default\">\n\t\t\t\t<div class=\"elementor-widget-container\">\n\t\t\t\t\t\t\t<div class=\"elementor-divider\">\n\t\t\t<span class=\"elementor-divider-separator\">\n\t\t\t\t\t\t<\/span>\n\t\t<\/div>\n\t\t\t\t\t\t<\/div>\n\t\t\t\t<\/div>\n\t\t\t\t\t<\/div>\n\t\t\t\t<\/div>\n\t\t<div class=\"elementor-element elementor-element-d64f2fb e-flex e-con-boxed e-con e-parent\" data-id=\"d64f2fb\" data-element_type=\"container\" data-e-type=\"container\">\n\t\t\t\t\t<div class=\"e-con-inner\">\n\t\t<div class=\"elementor-element elementor-element-2f10193 e-con-full e-flex e-con e-child\" data-id=\"2f10193\" data-element_type=\"container\" data-e-type=\"container\">\n\t\t\t\t<div class=\"elementor-element elementor-element-ccd2b3b elementor-widget elementor-widget-image\" data-id=\"ccd2b3b\" data-element_type=\"widget\" data-e-type=\"widget\" data-widget_type=\"image.default\">\n\t\t\t\t<div class=\"elementor-widget-container\">\n\t\t\t\t\t\t\t\t\t\t\t\t\t\t\t<img decoding=\"async\" width=\"225\" height=\"98\" src=\"https:\/\/vivirconparkinson.lat\/ar\/wp-content\/uploads\/2025\/02\/logo_privacidad.png\" class=\"attachment-large size-large wp-image-1546\" alt=\"\" \/>\t\t\t\t\t\t\t\t\t\t\t\t\t\t\t<\/div>\n\t\t\t\t<\/div>\n\t\t\t\t<\/div>\n\t\t<div class=\"elementor-element elementor-element-00e077f e-con-full e-flex e-con e-child\" data-id=\"00e077f\" data-element_type=\"container\" data-e-type=\"container\">\n\t\t\t\t<div class=\"elementor-element elementor-element-0158242 elementor-widget elementor-widget-heading\" data-id=\"0158242\" data-element_type=\"widget\" data-e-type=\"widget\" data-widget_type=\"heading.default\">\n\t\t\t\t<div class=\"elementor-widget-container\">\n\t\t\t\t\t<h2 class=\"elementor-heading-title elementor-size-default\">Condiciones de Uso<\/h2>\t\t\t\t<\/div>\n\t\t\t\t<\/div>\n\t\t\t\t<\/div>\n\t\t\t\t\t<\/div>\n\t\t\t\t<\/div>\n\t\t<div class=\"elementor-element elementor-element-7b639a3 e-flex e-con-boxed e-con e-parent\" data-id=\"7b639a3\" data-element_type=\"container\" data-e-type=\"container\" data-settings=\"{&quot;background_background&quot;:&quot;classic&quot;}\">\n\t\t\t\t\t<div class=\"e-con-inner\">\n\t\t\t\t<div class=\"elementor-element elementor-element-30cb3b4 elementor-widget-divider--view-line elementor-widget elementor-widget-divider\" data-id=\"30cb3b4\" data-element_type=\"widget\" data-e-type=\"widget\" data-widget_type=\"divider.default\">\n\t\t\t\t<div class=\"elementor-widget-container\">\n\t\t\t\t\t\t\t<div class=\"elementor-divider\">\n\t\t\t<span class=\"elementor-divider-separator\">\n\t\t\t\t\t\t<\/span>\n\t\t<\/div>\n\t\t\t\t\t\t<\/div>\n\t\t\t\t<\/div>\n\t\t\t\t\t<\/div>\n\t\t\t\t<\/div>\n\t\t<div class=\"elementor-element elementor-element-6405b02 e-flex e-con-boxed e-con e-parent\" data-id=\"6405b02\" data-element_type=\"container\" data-e-type=\"container\">\n\t\t\t\t\t<div class=\"e-con-inner\">\n\t\t\t\t<div class=\"elementor-element elementor-element-5e3a30a elementor-widget elementor-widget-text-editor\" data-id=\"5e3a30a\" data-element_type=\"widget\" data-e-type=\"widget\" data-widget_type=\"text-editor.default\">\n\t\t\t\t<div class=\"elementor-widget-container\">\n\t\t\t\t\t\t\t\t\t<p>T\u00e9rminos y condiciones de uso<\/p>\n<ol>\n<li><strong> T\u00e9rminos de uso<\/strong><\/li>\n<\/ol>\n<p>Bienvenido a [insert the website name], el sitio web creado por Boston Scientific (el \u201cSitio\u201d). Lea estos t\u00e9rminos de uso (\u201cT\u00e9rminos\u201d) con detenimiento. Para fines de estos T\u00e9rminos, se hace referencia a Boston Scientific como BSC, nosotros, nos, etc. El uso de este Sitio constituye la aceptaci\u00f3n de los T\u00e9rminos. Si no est\u00e1 de acuerdo con acatar todas las disposiciones incluidas en estos, no deber\u00e1 acceder al Sitio ni usarlo. Adem\u00e1s, BSC podr\u00eda hacer cambios a los T\u00e9rminos, que se publicar\u00e1n en esta p\u00e1gina y entrar\u00e1n en vigor al momento de su publicaci\u00f3n. Por esta raz\u00f3n, le exhortamos a leer estos T\u00e9rminos cada vez que visite nuestro Sitio. La \u00faltima actualizaci\u00f3n se efectu\u00f3 el 15 de julio de 2025.<\/p><ol start=\"2\"><li><strong>Alcance<\/strong><\/li>\n<\/ol>\n<p>Controlaremos y manejaremos este Sitio desde Estados Unidos de America y Colombia. Este Sitio es para uso de residentes de Argentina y Colombia (\u201cPa\u00edses en Alcance\u201d) solamente y contiene informaci\u00f3n acerca de los productos y servicios de BSC disponibles para venta o distribuci\u00f3n en dichos pa\u00edses. Si usted no es residente de uno de&nbsp;estes pa\u00edses, puede acceder a este Sitio solo bajo su propio riesgo y ser\u00e1 responsable de cumplir con las leyes y regulaciones locales que apliquen. Las referencias a productos o servicios hechas en el Sitio no implican que BSC pretenda anunciar u ofrecer dichos productos o servicios en su pa\u00eds.<\/p><ol start=\"3\"><li><strong>Usuarios registrados<\/strong><strong><br>\n<\/strong><\/li>\n<\/ol>\n<p>Las personas que deseen recibir m\u00e1s informaci\u00f3n, compartir su historia como paciente y recibir nuestro bolet\u00edn informativo deber\u00e1n completar la hoja de contacto en el Sitio y estar\u00e1n sujetas a estos T\u00e9rminos. Para registrarse, usuario deber\u00e1 completar nuestra hoja de contacto y proveer cierta informaci\u00f3n personal, incluyendo su nombre y apellido, direcci\u00f3n de correo electr\u00f3nico, especialidad por la cual desean recibir m\u00e1s informaci\u00f3n. La informaci\u00f3n que nos entregue estar\u00e1 sujeta a nuestra Pol\u00edtica de Privacidad, disponible en nuestro sitio web.<\/p><ol start=\"4\"><li><strong>Modificaciones al <\/strong><strong>s<\/strong><strong>itio<\/strong><\/li>\n<\/ol>\n<p>BSC se reserva el derecho de modificar o descontinuar el Sitio (o cualquier parte de este) temporera o permanentemente, con o sin aviso previo a usted, y no tiene la obligaci\u00f3n de mantener ni actualizar el Sitio. BSC no ser\u00e1 responsable ante usted ni ante un tercero en el caso de que BSC ejerza su derecho de modificar o descontinuar el Sitio (o cualquier parte de este). A menos que se indique lo contrario expl\u00edcitamente, cualquier nueva funci\u00f3n que expanda o mejore el Sitio actual estar\u00e1 sujeta a estos T\u00e9rminos.<\/p><ol start=\"5\"><li><strong>Aviso sobre derechos de autor<\/strong><strong><br>\n<\/strong><\/li>\n<\/ol>\n<p>Todas las marcas comerciales, las marcas de servicio y los logotipos mostrados en este Sitio son marcas registradas y no registradas de BSC, sus empresas afiliadas o subsidiarias, o de terceros que han otorgado en licencia sus marcas a BSC o a una de sus afiliadas o subsidiarias. Adem\u00e1s, todo el contenido \u2013el cual incluye, pero no se limita a texto, software, m\u00fasica, sonido, fotograf\u00edas, v\u00eddeos, gr\u00e1ficas u otro material incluido en este Sitio o en informaci\u00f3n producida comercialmente y presentada a usted en el Sitio por BSC, sus empresas afiliadas o sus terceros licenciadores (\u201cContenido\u201d) cuenta con la protecci\u00f3n de acuerdos y leyes de derechos de autor, patentes u otros acuerdos o leyes de derechos de propiedad, y solo se le permite usar dicho Contenido conforme lo autoricen expresamente BSC, sus afiliadas o sus licenciadores. Nada aqu\u00ed expuesto pretende transferir a usted ning\u00fan derecho, t\u00edtulo o inter\u00e9s en el Sitio o su Contenido.<\/p>\n<p>Usted puede descargar, ver, copiar e imprimir el Contenido sujeto a las siguientes directrices:(a) El contenido puede usarse \u00fanicamente para fines personales, informativos o internos del negocio; (b) todos y cada uno de los avisos sobre derechos de autor, marcas comerciales y otros derechos propietarios deber\u00e1n aparecer en todas las copias, incluido el aviso de derechos de autor en la parte inferior de la p\u00e1gina; (c) no se puede modificar ni alterar el Contenido de ninguna forma; y (d) no se puede usar ninguna gr\u00e1fica separada del texto que la acompa\u00f1a.&nbsp;Salvo como se ha dispuesto anteriormente, usted no puede usar, descargar, subir, copiar, imprimir, exhibir, representar, reproducir, publicar, autorizar, anunciar, transmitir, cargar una p\u00e1gina del Sitio en una de las secciones de otra p\u00e1gina web dividida en marcos (\u201cframing\u201d), operar como espejo en otro servicio de red (\u201cmirroring\u201d) usar meta etiquetas (\u201cmeta tags\u201d), intercalar gr\u00e1ficas (\u201cinline\u201d) ni distribuir el contenido o la informaci\u00f3n del Sitio, parcial o totalmente, sin el permiso expreso de BSC. Se deben dirigir las solicitudes de dichos permisos a <a href=\"mailto:webmaster@bostonscientific.com\"><u>webmaster@bostonscientific.com<\/u><\/a>. Nos reservamos cualquier derecho no otorgado expresamente en el presente documento. Tenga en cuenta que BSC har\u00e1 valer sus derechos de propiedad intelectual en la medida m\u00e1xima que lo permita la ley.<\/p>\n<p>Es posible que en el Sitio se mencionen ciertas designaciones de productos, servicios o compa\u00f1\u00edas de empresas que no son BSC para fines de identificaci\u00f3n. Dichas designaciones a menudo se reclaman como marcas comerciales o marcas de servicio. Siempre que BSC tenga conocimiento de una reclamaci\u00f3n, la designaci\u00f3n aparecer\u00e1 con letra inicial may\u00fascula o completamente en may\u00fasculas. Sin embargo, debe comunicarse con las compa\u00f1\u00edas pertinentes para obtener m\u00e1s informaci\u00f3n acerca de dichas designaciones y su estado de registro.<\/p>\n<ol start=\"6\">\n<li><strong>No asesoramiento m\u00e9dico<\/strong><strong><br>\n<\/strong><\/li>\n<\/ol>\n<p>La informaci\u00f3n publicada en este Sitio se brinda para fines informativos solamente y no con la intenci\u00f3n o recomendaci\u00f3n de reemplazar los consejos m\u00e9dicos profesionales. Procure siempre los consejos de su m\u00e9dico u otro profesional de la salud cualificado con respecto a cualquier condici\u00f3n m\u00e9dica o tratamiento.&nbsp;Estas herramientas no tienen el fin de brindar asesor\u00eda m\u00e9dica profesional. Los m\u00e9dicos y otros profesionales de la salud siempre deben ejercer sus propios criterios cl\u00ednicos en cualquier situaci\u00f3n dada.<\/p>\n<ol start=\"7\">\n<li><strong> Comentarios de los usuarios<\/strong><strong><br>\n<\/strong><\/li>\n<\/ol>\n<p>BSC agradece los comentarios de visitantes al Sitio y acoge sus opiniones sobre este. Sin embargo, tenga presente que BSC y sus empleados no aceptan ni consideran ideas no solicitadas, incluidas las de nuevos productos o tecnolog\u00edas, procesos, materiales, planes de comercializaci\u00f3n o nuevos nombres para productos. No env\u00ede ideas no solicitadas ni materiales originales a BSC ni a ninguna persona en BSC. En el caso de que usted env\u00ede sus ideas y materiales a pesar de esta petici\u00f3n, debe entender que, al enviar la informaci\u00f3n por medio de este Sitio, har\u00e1 una concesi\u00f3n gratuita a BSC de todos los derechos, t\u00edtulos e intereses en todos los derechos de autor globales y dem\u00e1s derechos de propiedad intelectual de la informaci\u00f3n o los materiales que env\u00ede. Tendremos el derecho de utilizar la informaci\u00f3n o los materiales que usted env\u00ede por medio de este Sitio para cualquier fin sin restricci\u00f3n y sin obligaci\u00f3n de compensarle de ninguna forma, y al enviar dicha informaci\u00f3n y materiales, usted representa a BSC que cuenta con el derecho a hacerlo.<\/p>\n<ol start=\"8\">\n<li><strong> Enlaces<\/strong><strong><br>\n<\/strong><\/li><\/ol>\n<p>El Sitio podr\u00eda ofrecer enlaces a sitios web operados por BSC fuera de los Estados Unidos y de los Pa\u00edses en Alcance, as\u00ed como sitios web manejados por terceros. Debe referirse a los t\u00e9rminos de uso, las pol\u00edticas de privacidad y dem\u00e1s normas publicadas en estos sitios enlazados antes de usarlos. Los enlaces a terceros se ofrecen solo para su conveniencia y la inclusi\u00f3n de un enlace no implica una afiliaci\u00f3n o aprobaci\u00f3n por parte de BSC. BSC no revisa, supervisa ni verifica la exactitud del contenido publicado en sitios de terceros y no se hace responsable del contenido ofrecido por dichos sitios ni de su disponibilidad. Si usted opta por comprar productos o servicios de un tercero, su relaci\u00f3n ser\u00e1 directamente con el tercero y BSC no se hace responsable de ninguna p\u00e9rdida o da\u00f1o de cualquier tipo en los que usted pueda incurrir como resultado de su relaci\u00f3n con un tercero.\n\n<\/p><p>Los sitios web de terceros podr\u00edan ofrecer informaci\u00f3n sobre el uso de productos que no han sido aprobados o autorizados por las autoridades sanitarias de su pa\u00eds. BSC no respalda ning\u00fan uso no indicado en la etiqueta de nuestros productos.&nbsp;Por lo general, en ausencia de otro acuerdo con Boston Scientific, usted puede usar el enlace o hiperenlace a la p\u00e1gina de inicio del Sitio desde su propio sitio web, sujeto a las siguientes directrices:(a) usted nos notificar\u00e1 a trav\u00e9s de <a href=\"mailto:webmaster@bostonscientific.com\"><u>webmaster@bostonscientific.com<\/u><\/a> y especificar\u00e1 el URL de cada p\u00e1gina desde la cual se enlazar\u00e1 a nuestra p\u00e1gina inicial; (b) no insertar\u00e1 el Sitio ni ninguna secci\u00f3n de este en otro sitio web; (c) no utilizar\u00e1 enlaces profundos al Sitio (es decir, no crear\u00e1 enlaces a ninguna p\u00e1gina que no sea la inicial); (d) el enlace o hiperenlace al Sitio no se utilizar\u00e1 de ninguna forma que pueda indicar que usted o su sitio web cuenta con el respaldo de BSC; (e) el enlace se identificar\u00e1 con una representaci\u00f3n en texto simple del nombre de BSC y no con una marca comercial o logotipo de BSC; (f) el enlace o hiperenlace al Sitio no se utilizar\u00e1 ni se presentar\u00e1 de ninguna forma que perjudique a BSC o que manche, empa\u00f1e o reduzca la calidad de los nombres o las marcas registradas de BSC o de cualquiera de los bienes asociados; y (g) usted aceptar\u00e1 que podemos dar por terminado su derecho a tener un enlace o hiperenlace con el Sito en cualquier momento y por cualquier raz\u00f3n.<\/p>\n<ol start=\"9\">\n<li><strong> Relevo de responsabilidad<\/strong><strong><br>\n<\/strong><\/li>\n<\/ol>\n<p>El Sitio y todo el contenido, los materiales, la informaci\u00f3n, los productos y los servicios provistos en el sitio se ofrecen tal como son y cuando est\u00e9n disponibles. BSC niega expresamente las garant\u00edas de cualquier tipo, ya sean expresas o impl\u00edcitas, que incluyen, pero no se limitan a garant\u00edas impl\u00edcitas de comerciabilidad, idoneidad para un fin en particular, garant\u00edas de t\u00edtulo, no violaci\u00f3n de derechos de autor, seguridad y exactitud, as\u00ed como toda garant\u00eda que pueda surgir del uso mercantil, el curso de transacciones o el curso de ejecuci\u00f3n comercial. BSC no ofrece garant\u00eda alguna de que: (a) el Sitio satisfar\u00e1 su necesidades; (b) el Sitio estar\u00e1 disponible de manera ininterrumpida, oportuna, segura o libre de errores; (c) los resultados que pueda obtener del uso del Sitio o de cualquier servicio ofrecido por medio del Sitio ser\u00e1n correctos y fiables; ni de que (d) la calidad de cualquier producto, servicio, informaci\u00f3n y otro material que usted obtenga por medio del Sitio llenar\u00e1 sus expectativas.<\/p>\n<p>Todo contenido, material o dato descargado o de otra forma obtenido por medio del uso de este Sitio se obtiene a su propio riesgo y discreci\u00f3n. BSC no asumir\u00e1 responsabilidad alguna por da\u00f1os a su sistema inform\u00e1tico ni por la p\u00e9rdida de datos que pueda ocurrir por la descarga de contenidos, materiales o informaci\u00f3n.<\/p>\n<p>Ninguna recomendaci\u00f3n o informaci\u00f3n, ya sea verbal o escrita, que usted obtenga de BSC o por medio del sitio generar\u00e1&nbsp;garant\u00edas que no est\u00e9n expresamente establecidas en el presente documento.<\/p>\n<ol start=\"10\">\n<li><strong> Limitaci\u00f3n de responsabilidad<\/strong><strong><br>\n<\/strong><\/li>\n<\/ol>\n<p>BSC no ser\u00e1 responsable en ning\u00fan caso de ning\u00fan da\u00f1o directo, indirecto, incidental, especial, punitivo o emergente, ni de da\u00f1os por p\u00e9rdida de ganancias, ingresos, datos o uso, incurridos por usted o por un tercero, ya sea en una acci\u00f3n derivada de un contrato o por il\u00edcito civil, que surja de su acceso o uso del Sitio o de cualquiera de los servicios provistos mediante el Sitio, incluso cuando se haya advertido a BSC de la probabilidad o posibilidad de dichos da\u00f1os. Esta limitaci\u00f3n de responsabilidad incluye, pero no se limita a la transmisi\u00f3n de dispositivos de desactivaci\u00f3n o de virus que puedan infectar su equipo, aver\u00edas de equipos mec\u00e1nicos o electr\u00f3nicos o de l\u00edneas de comunicaci\u00f3n o telef\u00f3nicas, u otros problemas de conectividad (p. ej., si no puede acceder a su servicio de internet), acceso no autorizado, robo, lesi\u00f3n corporal, da\u00f1o a la propiedad, errores de operadores, huelgas u otros problemas laborales o circunstancias de fuerza mayor. Algunas jurisdicciones no permiten la limitaci\u00f3n o exclusi\u00f3n de responsabilidad. Por lo tanto, es posible que algunas de las limitaciones anteriores no le apliquen.<\/p>\n<ol start=\"11\">\n<li><strong> No se puede revender el Sitio<\/strong><strong><br>\n<\/strong><\/li>\n<\/ol>\n<p>Su derecho a usar el Sitio es personal. Usted acepta no reproducir, duplicar, copiar, vender ni revender el Sitio sin el consentimiento expreso por escrito de BSC.<\/p>\n<ol start=\"12\">\n<li><strong> Pol\u00edtica de Privacidad<\/strong><strong><br>\n<\/strong><\/li>\n<\/ol>\n<p>Toda la informaci\u00f3n enviada al Sitio, que incluye, pero no se limita a la informaci\u00f3n personal que le identifica, se maneja conforme a la Pol\u00edtica de Privacidad de BSC para este Sitio.<\/p>\n<ol start=\"13\">\n<li><strong> Indemnizaci\u00f3n<\/strong><\/li>\n<\/ol>\n<p>Usted acepta indemnizar, defender y exonerar a BSC y a sus empresas matrices, subsidiarias y afiliadas, y a sus accionistas, directores, oficiales, empleados y agentes de cualquier reclamaci\u00f3n, exigencia, obligaci\u00f3n, gasto o p\u00e9rdida, incluidos los honorarios razonables de abogados, incurridos por un tercero como resultado del acceso o el uso que usted le d\u00e9 al Sitio o de la violaci\u00f3n de los presentes T\u00e9rminos.<\/p>\n<ol start=\"14\">\n<li><strong> Restricciones de exportaci\u00f3n\/cumplimiento legal<\/strong><strong><br>\n<\/strong><\/li>\n<\/ol>\n<p>BSC maneja este Sitio desde los Estados Unidos de Am\u00e9rica. Usted no puede acceder, descargar, usar ni exportar el Sitio o su Contenido en violaci\u00f3n de las leyes o reglamentos de exportaci\u00f3n de EE. UU. o de otras leyes o regulaciones aplicables.<\/p>\n<ol start=\"15\">\n<li><strong> Disposiciones generales<\/strong><strong><br>\n<\/strong><\/li><\/ol>\n<p>En el caso de que se determine que una disposici\u00f3n de estos T\u00e9rminos, en su totalidad o en parte, no es v\u00e1lida o es inaplicable o nula por cualquier raz\u00f3n, dicha determinaci\u00f3n afectar\u00e1 solo la parte de la disposici\u00f3n que se determine no v\u00e1lida, inaplicable o nula, y no afectar\u00e1 el resto de la disposici\u00f3n de ninguna forma. Usted acepta permitir que un tribunal o \u00e1rbitro reemplace dicha disposici\u00f3n no valida, inaplicable o nula con una disposici\u00f3n que sea sustancialmente similar a esta disposici\u00f3n no valida, inaplicable o nula. El hecho de que BSC no act\u00fae con respecto a cualquier infracci\u00f3n de su parte no constituye una renuncia de nuestros derechos relacionados con infracciones posteriores o similares.\n\n<\/p><p>Estos T\u00e9rminos y Condiciones se regir\u00e1n por las leyes aplicables del Pa\u00eds en Alcance de donde accede al Sitio. Cualquier disputa estos T\u00e9rminos y Condiciones ser\u00e1 resuelta por los jueces civiles del pa\u00eds de donde accede al Sitio.<\/p>\n<p>Estos T\u00e9rminos se regir\u00e1n e interpretar\u00e1n conforme a las leyes de Colombia independientemente de las posibles disposiciones legales elegidas.<\/p>\n<p>Estos T\u00e9rminos, la Pol\u00edtica de Privacidad y todas las normas de operaci\u00f3n, pol\u00edticas o procedimientos que BSC podr\u00eda publicar ocasionalmente en el Sitio, as\u00ed como cualquier modificaci\u00f3n a dichas publicaciones, constituyen el acuerdo completo entre las partes con respecto al tema de este documento y reemplazan todos los acuerdos anteriores, ya sean escritos o verbales, respecto a dicho tema. Nada de lo incluido en estos T\u00e9rminos se considerar\u00e1 que constituye a ninguna de las dos partes como agente o representante de la otra parte, ni que ambas partes participen en una empresa conjunta o sean socios.<\/p>\n<p>Las Secciones 3, 4, 5, 6 y 10 a la 17 continuar\u00e1n vigentes despu\u00e9s de la terminaci\u00f3n de estos T\u00e9rminos.<\/p>\n<ol start=\"16\">\n<li><strong> Reconocimiento<\/strong><\/li>\n<\/ol>\n<p>Al acceder a este Sitio o registrarse con BSC, usted acepta todos los t\u00e9rminos y condiciones incluidos en estos T\u00e9rminos. Usted reconoce (a) que ha le\u00eddo y entendido estos T\u00e9rminos y (b) que estos T\u00e9rminos tienen el mismo vigor y efecto que un contrato firmado.<\/p>\n<ol start=\"17\">\n<li><strong> Informaci\u00f3n de contacto<\/strong><strong><br>\n<\/strong><\/li>\n<\/ol>\n<p>Si tiene alguna pregunta sobre estos T\u00e9rminos o el Sitio, puede comunicarse con BSC en <a href=\"mailto:webmaster@bostonscientific.com\"><u>webmaster@bostonscientific.com<\/u><\/a>.<\/p>\t\t\t\t\t\t\t\t<\/div>\n\t\t\t\t<\/div>\n\t\t\t\t\t<\/div>\n\t\t\t\t<\/div>\n\t\t<div class=\"elementor-element elementor-element-57c2ce81 e-flex e-con-boxed e-con e-parent\" data-id=\"57c2ce81\" data-element_type=\"container\" data-e-type=\"container\">\n\t\t\t\t\t<div class=\"e-con-inner\">\n\t\t\t\t<div class=\"elementor-element elementor-element-6732228 elementor-align-center elementor-widget elementor-widget-button\" data-id=\"6732228\" data-element_type=\"widget\" data-e-type=\"widget\" data-widget_type=\"button.default\">\n\t\t\t\t<div class=\"elementor-widget-container\">\n\t\t\t\t\t\t\t\t\t<div class=\"elementor-button-wrapper\">\n\t\t\t\t\t<a class=\"elementor-button elementor-button-link elementor-size-sm\" href=\"https:\/\/vivirconparkinson.lat\/ar\/\">\n\t\t\t\t\t\t<span class=\"elementor-button-content-wrapper\">\n\t\t\t\t\t\t\t\t\t<span class=\"elementor-button-text\">Volver a la p\u00e1gina de inicio<\/span>\n\t\t\t\t\t<\/span>\n\t\t\t\t\t<\/a>\n\t\t\t\t<\/div>\n\t\t\t\t\t\t\t\t<\/div>\n\t\t\t\t<\/div>\n\t\t\t\t\t<\/div>\n\t\t\t\t<\/div>\n\t\t\t\t<\/div>\n\t\t","protected":false},"excerpt":{"rendered":"<p>Condiciones de Uso T\u00e9rminos y condiciones de uso T\u00e9rminos de uso Bienvenido a [insert the website name], el sitio web creado por Boston Scientific (el \u201cSitio\u201d). Lea estos t\u00e9rminos de uso (\u201cT\u00e9rminos\u201d) con detenimiento. Para fines de estos T\u00e9rminos, se hace referencia a Boston Scientific como BSC, nosotros, nos, etc. El uso de este Sitio [&hellip;]<\/p>\n","protected":false},"author":1,"featured_media":0,"parent":0,"menu_order":0,"comment_status":"closed","ping_status":"closed","template":"elementor_canvas","meta":{"footnotes":""},"class_list":["post-1556","page","type-page","status-publish","hentry"],"_links":{"self":[{"href":"https:\/\/vivirconparkinson.lat\/ar\/wp-json\/wp\/v2\/pages\/1556","targetHints":{"allow":["GET"]}}],"collection":[{"href":"https:\/\/vivirconparkinson.lat\/ar\/wp-json\/wp\/v2\/pages"}],"about":[{"href":"https:\/\/vivirconparkinson.lat\/ar\/wp-json\/wp\/v2\/types\/page"}],"author":[{"embeddable":true,"href":"https:\/\/vivirconparkinson.lat\/ar\/wp-json\/wp\/v2\/users\/1"}],"replies":[{"embeddable":true,"href":"https:\/\/vivirconparkinson.lat\/ar\/wp-json\/wp\/v2\/comments?post=1556"}],"version-history":[{"count":19,"href":"https:\/\/vivirconparkinson.lat\/ar\/wp-json\/wp\/v2\/pages\/1556\/revisions"}],"predecessor-version":[{"id":1691,"href":"https:\/\/vivirconparkinson.lat\/ar\/wp-json\/wp\/v2\/pages\/1556\/revisions\/1691"}],"wp:attachment":[{"href":"https:\/\/vivirconparkinson.lat\/ar\/wp-json\/wp\/v2\/media?parent=1556"}],"curies":[{"name":"wp","href":"https:\/\/api.w.org\/{rel}","templated":true}]}}