{"id":1692,"date":"2025-10-15T17:41:20","date_gmt":"2025-10-15T17:41:20","guid":{"rendered":"https:\/\/vivirconparkinson.lat\/ar\/?page_id=1692"},"modified":"2025-10-21T18:09:50","modified_gmt":"2025-10-21T18:09:50","slug":"aviso-de-copyright","status":"publish","type":"page","link":"https:\/\/vivirconparkinson.lat\/ar\/aviso-de-copyright\/","title":{"rendered":"Aviso de Copyright"},"content":{"rendered":"\t\t<div data-elementor-type=\"wp-page\" data-elementor-id=\"1692\" class=\"elementor elementor-1692\" data-elementor-post-type=\"page\">\n\t\t\t\t<div class=\"elementor-element elementor-element-d5ece63 e-flex e-con-boxed e-con e-parent\" data-id=\"d5ece63\" data-element_type=\"container\" data-e-type=\"container\">\n\t\t\t\t\t<div class=\"e-con-inner\">\n\t\t\t\t<div class=\"elementor-element elementor-element-3421102 elementor-widget-divider--view-line elementor-widget elementor-widget-divider\" data-id=\"3421102\" data-element_type=\"widget\" data-e-type=\"widget\" data-widget_type=\"divider.default\">\n\t\t\t\t<div class=\"elementor-widget-container\">\n\t\t\t\t\t\t\t<div class=\"elementor-divider\">\n\t\t\t<span class=\"elementor-divider-separator\">\n\t\t\t\t\t\t<\/span>\n\t\t<\/div>\n\t\t\t\t\t\t<\/div>\n\t\t\t\t<\/div>\n\t\t\t\t\t<\/div>\n\t\t\t\t<\/div>\n\t\t<div class=\"elementor-element elementor-element-d64f2fb e-flex e-con-boxed e-con e-parent\" data-id=\"d64f2fb\" data-element_type=\"container\" data-e-type=\"container\">\n\t\t\t\t\t<div class=\"e-con-inner\">\n\t\t<div class=\"elementor-element elementor-element-2f10193 e-con-full e-flex e-con e-child\" data-id=\"2f10193\" data-element_type=\"container\" data-e-type=\"container\">\n\t\t\t\t<div class=\"elementor-element elementor-element-ccd2b3b elementor-widget elementor-widget-image\" data-id=\"ccd2b3b\" data-element_type=\"widget\" data-e-type=\"widget\" data-widget_type=\"image.default\">\n\t\t\t\t<div class=\"elementor-widget-container\">\n\t\t\t\t\t\t\t\t\t\t\t\t\t\t\t<img decoding=\"async\" width=\"225\" height=\"98\" src=\"https:\/\/vivirconparkinson.lat\/ar\/wp-content\/uploads\/2025\/02\/logo_privacidad.png\" class=\"attachment-large size-large wp-image-1546\" alt=\"\" \/>\t\t\t\t\t\t\t\t\t\t\t\t\t\t\t<\/div>\n\t\t\t\t<\/div>\n\t\t\t\t<\/div>\n\t\t<div class=\"elementor-element elementor-element-00e077f e-con-full e-flex e-con e-child\" data-id=\"00e077f\" data-element_type=\"container\" data-e-type=\"container\">\n\t\t\t\t<div class=\"elementor-element elementor-element-0158242 elementor-widget elementor-widget-heading\" data-id=\"0158242\" data-element_type=\"widget\" data-e-type=\"widget\" data-widget_type=\"heading.default\">\n\t\t\t\t<div class=\"elementor-widget-container\">\n\t\t\t\t\t<h2 class=\"elementor-heading-title elementor-size-default\">Aviso de Copyright<\/h2>\t\t\t\t<\/div>\n\t\t\t\t<\/div>\n\t\t\t\t<\/div>\n\t\t\t\t\t<\/div>\n\t\t\t\t<\/div>\n\t\t<div class=\"elementor-element elementor-element-7b639a3 e-flex e-con-boxed e-con e-parent\" data-id=\"7b639a3\" data-element_type=\"container\" data-e-type=\"container\" data-settings=\"{&quot;background_background&quot;:&quot;classic&quot;}\">\n\t\t\t\t\t<div class=\"e-con-inner\">\n\t\t\t\t<div class=\"elementor-element elementor-element-30cb3b4 elementor-widget-divider--view-line elementor-widget elementor-widget-divider\" data-id=\"30cb3b4\" data-element_type=\"widget\" data-e-type=\"widget\" data-widget_type=\"divider.default\">\n\t\t\t\t<div class=\"elementor-widget-container\">\n\t\t\t\t\t\t\t<div class=\"elementor-divider\">\n\t\t\t<span class=\"elementor-divider-separator\">\n\t\t\t\t\t\t<\/span>\n\t\t<\/div>\n\t\t\t\t\t\t<\/div>\n\t\t\t\t<\/div>\n\t\t\t\t\t<\/div>\n\t\t\t\t<\/div>\n\t\t<div class=\"elementor-element elementor-element-6405b02 e-flex e-con-boxed e-con e-parent\" data-id=\"6405b02\" data-element_type=\"container\" data-e-type=\"container\">\n\t\t\t\t\t<div class=\"e-con-inner\">\n\t\t\t\t<div class=\"elementor-element elementor-element-5e3a30a elementor-widget elementor-widget-text-editor\" data-id=\"5e3a30a\" data-element_type=\"widget\" data-e-type=\"widget\" data-widget_type=\"text-editor.default\">\n\t\t\t\t<div class=\"elementor-widget-container\">\n\t\t\t\t\t\t\t\t\t<div class=\"container responsivegrid template-beta aem-GridColumn aem-GridColumn--default--12\"><div id=\"container-fe284ca8db\" class=\"cmp-container\"><div class=\"aem-Grid aem-Grid--12 aem-Grid--small--12 aem-Grid--default--12 aem-Grid--xsmall--12 aem-Grid--medium--12 \"><div class=\"container responsivegrid ctr-page-content aem-GridColumn--small--none aem-GridColumn--medium--none aem-GridColumn--offset--xsmall--0 aem-GridColumn--default--none aem-GridColumn--xsmall--12 aem-GridColumn--offset--default--0 aem-GridColumn--offset--medium--0 aem-GridColumn--default--9 aem-GridColumn--xsmall--none aem-GridColumn--medium--12 aem-GridColumn aem-GridColumn--small--12 aem-GridColumn--offset--small--0\"><div id=\"container-73061e461f\" class=\"cmp-container\"><div class=\"aem-Grid aem-Grid--9 aem-Grid--small--12 aem-Grid--default--9 aem-Grid--xsmall--12 aem-Grid--large--9 aem-Grid--medium--12 \"><div class=\"title cmp-title--margin-top-increase aem-GridColumn--small--none aem-GridColumn--medium--none aem-GridColumn--offset--xsmall--1 aem-GridColumn--offset--large--1 aem-GridColumn--offset--medium--1 aem-GridColumn--medium--10 aem-GridColumn--large--8 aem-GridColumn--small--10 aem-GridColumn--default--9 aem-GridColumn--xsmall--none aem-GridColumn--large--none aem-GridColumn aem-GridColumn--offset--small--1 aem-GridColumn--xsmall--10\"><div id=\"title-a86cada55b\" class=\"cmp-title\"><p>Todas las marcas registradas, las marcas y los logotipos de servicios que se muestran en este Sitio son marcas comerciales registradas y no registradas de Boston Scientific Corporation (\u201cBSC\u201d), sus afiliados y subsidiarias o terceros que tienen licencia de sus marcas comerciales para BSC o una de los afiliados o las subsidiarias. Adem\u00e1s, todo el contenido, incluidos, entre otros, los textos, el software, la m\u00fasica, el sonido, las fotograf\u00edas, los videos, los gr\u00e1ficos u otro material que contenga este Sitio o la informaci\u00f3n comercial que presenta BSC a trav\u00e9s del Sitio, los afiliados o los licenciadores externos (el Contenido) est\u00e1n protegidos por copyright, patentes u otros acuerdos y leyes sobre derechos patrimoniales y solo se le permite usar el Contenido en caso de contar con la autorizaci\u00f3n expresa de BSC, sus afiliados o licenciadores.<\/p><p>Ning\u00fan contenido del presente documento le transfiere ning\u00fan derecho, t\u00edtulo o inter\u00e9s relacionado con el Sitio o el Contenido. Puede descargar, ver, copiar e imprimir Contenido, sujeto a lo siguiente: (a) el Contenido se puede usar solo para prop\u00f3sitos personales, de informaci\u00f3n o de negocios internos; (b) cualquiera y todos los copyright, las marcas registradas y otros avisos de derechos de propiedad deben aparecer en todas las copias, incluido el aviso de copyright al pie de la p\u00e1gina; (c) el contenido no se puede modificar ni alterar de ning\u00fan modo y (d) no se puede usar gr\u00e1ficos separados de su texto complementario. A menos que se lo haya estipulado arriba de otro modo, no puede usar, descargar, subir, copiar, imprimir, mostrar, presentar, reproducir, publicar, autorizar, transmitir, elaborar, reflejar en otro servicio web, usar ninguna etiqueta meta, incorporar ning\u00fan gr\u00e1fico ni distribuir ning\u00fan Contenido o informaci\u00f3n del Sitio en su totalidad o parcialmente sin el permiso expreso de BSC.<br \/><br \/>Las solicitudes de dicho permiso se deben enviar a\u00a0<a href=\"mailto:webmaster@bostonscientific.com\">webmaster@bostonscientific.com<\/a>. Cualquier derecho que no est\u00e9 expresamente otorgado est\u00e1 reservado. Tenga en cuenta que BSC hace cumplir sus derechos de propiedad intelectual con el m\u00e1ximo rigor de la ley. En el Sitio pueden mencionarse ciertos productos, servicios o designaciones de empresas que no pertenezcan a BSC solo con fines de identificaci\u00f3n. Tales designaciones con frecuencia se declaran como marcas comerciales o de servicio. En todas las instancias en que BSC est\u00e9 al tanto de una declaraci\u00f3n, la designaci\u00f3n aparece con may\u00fascula inicial o toda en may\u00fasculas. Sin embargo, deber\u00eda contactar a las empresas apropiadas a fin de recibir informaci\u00f3n m\u00e1s completa con respecto a tales designaciones y a su estado de registro<\/p><\/div><\/div><\/div><\/div><\/div><\/div><\/div><\/div>\t\t\t\t\t\t\t\t<\/div>\n\t\t\t\t<\/div>\n\t\t\t\t\t<\/div>\n\t\t\t\t<\/div>\n\t\t<div class=\"elementor-element elementor-element-1c8eed40 e-flex e-con-boxed e-con e-parent\" data-id=\"1c8eed40\" data-element_type=\"container\" data-e-type=\"container\">\n\t\t\t\t\t<div class=\"e-con-inner\">\n\t\t\t\t<div class=\"elementor-element elementor-element-26c7649e elementor-align-center elementor-widget elementor-widget-button\" data-id=\"26c7649e\" data-element_type=\"widget\" data-e-type=\"widget\" data-widget_type=\"button.default\">\n\t\t\t\t<div class=\"elementor-widget-container\">\n\t\t\t\t\t\t\t\t\t<div class=\"elementor-button-wrapper\">\n\t\t\t\t\t<a class=\"elementor-button elementor-button-link elementor-size-sm\" href=\"https:\/\/vivirconparkinson.lat\/ar\/\">\n\t\t\t\t\t\t<span class=\"elementor-button-content-wrapper\">\n\t\t\t\t\t\t\t\t\t<span class=\"elementor-button-text\">Volver a la p\u00e1gina de inicio<\/span>\n\t\t\t\t\t<\/span>\n\t\t\t\t\t<\/a>\n\t\t\t\t<\/div>\n\t\t\t\t\t\t\t\t<\/div>\n\t\t\t\t<\/div>\n\t\t\t\t\t<\/div>\n\t\t\t\t<\/div>\n\t\t\t\t<\/div>\n\t\t","protected":false},"excerpt":{"rendered":"<p>Aviso de Copyright Todas las marcas registradas, las marcas y los logotipos de servicios que se muestran en este Sitio son marcas comerciales registradas y no registradas de Boston Scientific Corporation (\u201cBSC\u201d), sus afiliados y subsidiarias o terceros que tienen licencia de sus marcas comerciales para BSC o una de los afiliados o las subsidiarias. [&hellip;]<\/p>\n","protected":false},"author":1,"featured_media":0,"parent":0,"menu_order":0,"comment_status":"closed","ping_status":"closed","template":"elementor_canvas","meta":{"footnotes":""},"class_list":["post-1692","page","type-page","status-publish","hentry"],"_links":{"self":[{"href":"https:\/\/vivirconparkinson.lat\/ar\/wp-json\/wp\/v2\/pages\/1692","targetHints":{"allow":["GET"]}}],"collection":[{"href":"https:\/\/vivirconparkinson.lat\/ar\/wp-json\/wp\/v2\/pages"}],"about":[{"href":"https:\/\/vivirconparkinson.lat\/ar\/wp-json\/wp\/v2\/types\/page"}],"author":[{"embeddable":true,"href":"https:\/\/vivirconparkinson.lat\/ar\/wp-json\/wp\/v2\/users\/1"}],"replies":[{"embeddable":true,"href":"https:\/\/vivirconparkinson.lat\/ar\/wp-json\/wp\/v2\/comments?post=1692"}],"version-history":[{"count":7,"href":"https:\/\/vivirconparkinson.lat\/ar\/wp-json\/wp\/v2\/pages\/1692\/revisions"}],"predecessor-version":[{"id":1880,"href":"https:\/\/vivirconparkinson.lat\/ar\/wp-json\/wp\/v2\/pages\/1692\/revisions\/1880"}],"wp:attachment":[{"href":"https:\/\/vivirconparkinson.lat\/ar\/wp-json\/wp\/v2\/media?parent=1692"}],"curies":[{"name":"wp","href":"https:\/\/api.w.org\/{rel}","templated":true}]}}