{"id":46,"date":"2024-12-26T19:34:26","date_gmt":"2024-12-26T19:34:26","guid":{"rendered":"https:\/\/vivirconparkinson.lat\/ar\/?page_id=46"},"modified":"2025-02-19T17:19:10","modified_gmt":"2025-02-19T17:19:10","slug":"gracias-por-su-interes","status":"publish","type":"page","link":"https:\/\/vivirconparkinson.lat\/ar\/gracias-por-su-interes\/","title":{"rendered":"Gracias por su inter\u00e9s"},"content":{"rendered":"\t\t<div data-elementor-type=\"wp-page\" data-elementor-id=\"46\" class=\"elementor elementor-46\" data-elementor-post-type=\"page\">\n\t\t\t\t<div class=\"elementor-element elementor-element-5b7b7bd e-flex e-con-boxed e-con e-parent\" data-id=\"5b7b7bd\" data-element_type=\"container\" data-e-type=\"container\">\n\t\t\t\t\t<div class=\"e-con-inner\">\n\t\t\t\t<div class=\"elementor-element elementor-element-50ace98 elementor-widget elementor-widget-heading\" data-id=\"50ace98\" data-element_type=\"widget\" data-e-type=\"widget\" data-widget_type=\"heading.default\">\n\t\t\t\t<div class=\"elementor-widget-container\">\n\t\t\t\t\t<h2 class=\"elementor-heading-title elementor-size-default\">\u00a1Gracias por su inter\u00e9s!<\/h2>\t\t\t\t<\/div>\n\t\t\t\t<\/div>\n\t\t\t\t<div class=\"elementor-element elementor-element-c9072a6 elementor-widget elementor-widget-text-editor\" data-id=\"c9072a6\" data-element_type=\"widget\" data-e-type=\"widget\" data-widget_type=\"text-editor.default\">\n\t\t\t\t<div class=\"elementor-widget-container\">\n\t\t\t\t\t\t\t\t\t<p><strong>Seg\u00fan la informaci\u00f3n proporcionada,<\/strong><br \/><strong>DBS puede no ser la terapia m\u00e1s eficaz para su caso, en este momento.<\/strong><\/p>\t\t\t\t\t\t\t\t<\/div>\n\t\t\t\t<\/div>\n\t\t\t\t<div class=\"elementor-element elementor-element-7432404 elementor-widget elementor-widget-text-editor\" data-id=\"7432404\" data-element_type=\"widget\" data-e-type=\"widget\" data-widget_type=\"text-editor.default\">\n\t\t\t\t<div class=\"elementor-widget-container\">\n\t\t\t\t\t\t\t\t\t<p>Sin embargo, un m\u00e9dico especialista en disturbios de movimiento puede ayudarle<br \/>e indicarte a explorar las mejores opciones de tratamiento disponibles para<br \/>recuperar el control de su vida y vivir mejor con la enfermedad de Parkinson<\/p>\t\t\t\t\t\t\t\t<\/div>\n\t\t\t\t<\/div>\n\t\t\t\t<div class=\"elementor-element elementor-element-2948818 elementor-widget elementor-widget-image\" data-id=\"2948818\" data-element_type=\"widget\" data-e-type=\"widget\" id=\"EBook\" data-widget_type=\"image.default\">\n\t\t\t\t<div class=\"elementor-widget-container\">\n\t\t\t\t\t\t\t\t\t\t\t\t\t\t\t\t<a href=\"https:\/\/vivirconparkinson.lat\/ar\/co\/agradecemos-su-interes\/\">\n\t\t\t\t\t\t\t<img fetchpriority=\"high\" decoding=\"async\" width=\"969\" height=\"381\" src=\"https:\/\/vivirconparkinson.lat\/ar\/wp-content\/uploads\/2024\/12\/ebook2.jpg\" class=\"attachment-full size-full wp-image-61\" alt=\"\" srcset=\"https:\/\/vivirconparkinson.lat\/ar\/wp-content\/uploads\/2024\/12\/ebook2.jpg 969w, https:\/\/vivirconparkinson.lat\/ar\/wp-content\/uploads\/2024\/12\/ebook2-300x118.jpg 300w, https:\/\/vivirconparkinson.lat\/ar\/wp-content\/uploads\/2024\/12\/ebook2-768x302.jpg 768w\" sizes=\"(max-width: 969px) 100vw, 969px\" \/>\t\t\t\t\t\t\t\t<\/a>\n\t\t\t\t\t\t\t\t\t\t\t\t\t\t\t<\/div>\n\t\t\t\t<\/div>\n\t\t\t\t<div class=\"elementor-element elementor-element-76be003 elementor-widget elementor-widget-text-editor\" data-id=\"76be003\" data-element_type=\"widget\" data-e-type=\"widget\" data-widget_type=\"text-editor.default\">\n\t\t\t\t<div class=\"elementor-widget-container\">\n\t\t\t\t\t\t\t\t\t<p><strong>El resultado del quiz no es un diagn\u00f3stico.<\/strong><br \/>Neur\u00f3logos especialistas en trastornos del movimiento pueden diagnosticarte<br \/>y indicarte las mejores opciones de tratamiento para ti.<\/p>\t\t\t\t\t\t\t\t<\/div>\n\t\t\t\t<\/div>\n\t\t\t\t\t<\/div>\n\t\t\t\t<\/div>\n\t\t\t\t<\/div>\n\t\t","protected":false},"excerpt":{"rendered":"<p>\u00a1Gracias por su inter\u00e9s! Seg\u00fan la informaci\u00f3n proporcionada,DBS puede no ser la terapia m\u00e1s eficaz para su caso, en este momento. Sin embargo, un m\u00e9dico especialista en disturbios de movimiento puede ayudarlee indicarte a explorar las mejores opciones de tratamiento disponibles pararecuperar el control de su vida y vivir mejor con la enfermedad de Parkinson [&hellip;]<\/p>\n","protected":false},"author":1,"featured_media":0,"parent":0,"menu_order":0,"comment_status":"closed","ping_status":"closed","template":"elementor_canvas","meta":{"footnotes":""},"class_list":["post-46","page","type-page","status-publish","hentry"],"_links":{"self":[{"href":"https:\/\/vivirconparkinson.lat\/ar\/wp-json\/wp\/v2\/pages\/46","targetHints":{"allow":["GET"]}}],"collection":[{"href":"https:\/\/vivirconparkinson.lat\/ar\/wp-json\/wp\/v2\/pages"}],"about":[{"href":"https:\/\/vivirconparkinson.lat\/ar\/wp-json\/wp\/v2\/types\/page"}],"author":[{"embeddable":true,"href":"https:\/\/vivirconparkinson.lat\/ar\/wp-json\/wp\/v2\/users\/1"}],"replies":[{"embeddable":true,"href":"https:\/\/vivirconparkinson.lat\/ar\/wp-json\/wp\/v2\/comments?post=46"}],"version-history":[{"count":55,"href":"https:\/\/vivirconparkinson.lat\/ar\/wp-json\/wp\/v2\/pages\/46\/revisions"}],"predecessor-version":[{"id":1204,"href":"https:\/\/vivirconparkinson.lat\/ar\/wp-json\/wp\/v2\/pages\/46\/revisions\/1204"}],"wp:attachment":[{"href":"https:\/\/vivirconparkinson.lat\/ar\/wp-json\/wp\/v2\/media?parent=46"}],"curies":[{"name":"wp","href":"https:\/\/api.w.org\/{rel}","templated":true}]}}